{"id":7843,"date":"2023-03-13T15:54:26","date_gmt":"2023-03-13T14:54:26","guid":{"rendered":"https:\/\/www.die-geigenbaumeister.de\/product\/bratschenkoffer-gewa-air-luthier\/"},"modified":"2023-04-07T15:28:02","modified_gmt":"2023-04-07T13:28:02","slug":"bratschenkoffer-gewa-air-luthier","status":"publish","type":"product","link":"https:\/\/www.die-geigenbaumeister.de\/en\/product\/bratschenkoffer-gewa-air-luthier\/","title":{"rendered":"Bratschenkoffer Gewa Air &#8211; Luthier"},"content":{"rendered":"<ul class=\"list-group list-group-flush\">\n<li class=\"list-group-item\">Rutschfeste Au\u00dfenschale mit Soft Touch Feeling<\/li>\n<li class=\"list-group-item\">Hochwertiger ultra-leichter Designstoff, OEKO TEX-zertifiziert<\/li>\n<li class=\"list-group-item\">Verstellbare patentierte mechanische Halsauflage<\/li>\n<li class=\"list-group-item\">Gepolsterte, passgenaue Schwebelagerung<\/li>\n<li class=\"list-group-item\">Passend f\u00fcr Violas von 13\u2033 bis 17\u2033 !!!<\/li>\n<li class=\"list-group-item\">GEWA Drehbogenhalter pat., flexible Bogenbr\u00fccke<\/li>\n<li class=\"list-group-item\">Extreme Bruchsicherheit, beste Isolationseigenschaften<\/li>\n<li class=\"list-group-item\">Praktische, herausnehmbare Zubeh\u00f6rtasche<\/li>\n<li class=\"list-group-item\">Schutzdecke<\/li>\n<li class=\"list-group-item\">Schwarze Hardware<\/li>\n<li class=\"list-group-item\">Zahlenschloss<\/li>\n<li class=\"list-group-item\">2 abnehmbare Neopren Rucksackriemen f\u00fcr hohen Tragekomfort<\/li>\n<li class=\"list-group-item\">Neu designter perforierter GEWA Ledergriff (handgen\u00e4ht)<\/li>\n<li class=\"list-group-item\">Gewicht 2.2 kg ohne Zubeh\u00f6r<\/li>\n<li class=\"list-group-item\">Made in Germany<\/li>\n<\/ul>\n","protected":false},"excerpt":{"rendered":"<p>Rutschfeste Au\u00dfenschale mit Soft Touch Feeling Hochwertiger ultra-leichter Designstoff, OEKO TEX-zertifiziert Verstellbare patentierte mechanische Halsauflage Gepolsterte, passgenaue Schwebelagerung Passend f\u00fcr Violas von 13\u2033 bis 17\u2033 !!! GEWA Drehbogenhalter pat., flexible Bogenbr\u00fccke Extreme Bruchsicherheit, beste Isolationseigenschaften Praktische, herausnehmbare Zubeh\u00f6rtasche Schutzdecke Schwarze Hardware Zahlenschloss 2 abnehmbare Neopren Rucksackriemen f\u00fcr hohen Tragekomfort Neu designter perforierter GEWA Ledergriff (handgen\u00e4ht) [&hellip;]<\/p>\n","protected":false},"featured_media":7744,"template":"","meta":[],"product_cat":[137],"product_tag":[],"class_list":["post-7843","product","type-product","status-publish","has-post-thumbnail","hentry","product_cat-accessories"],"acf":[],"yoast_head":"<!-- This site is optimized with the Yoast SEO plugin v25.8 - https:\/\/yoast.com\/wordpress\/plugins\/seo\/ -->\n<title>Bratschenkoffer Gewa Air - Luthier - Geigenbau<\/title>\n<meta name=\"robots\" content=\"index, follow, max-snippet:-1, max-image-preview:large, max-video-preview:-1\" \/>\n<link rel=\"canonical\" href=\"https:\/\/www.die-geigenbaumeister.de\/en\/product\/bratschenkoffer-gewa-air-luthier\/\" \/>\n<meta property=\"og:locale\" content=\"en_US\" \/>\n<meta property=\"og:type\" content=\"article\" \/>\n<meta property=\"og:title\" content=\"Bratschenkoffer Gewa Air - Luthier - Geigenbau\" \/>\n<meta property=\"og:description\" content=\"Rutschfeste Au\u00dfenschale mit Soft Touch Feeling Hochwertiger ultra-leichter Designstoff, OEKO TEX-zertifiziert Verstellbare patentierte mechanische Halsauflage Gepolsterte, passgenaue Schwebelagerung Passend f\u00fcr Violas von 13\u2033 bis 17\u2033 !!! GEWA Drehbogenhalter pat., flexible Bogenbr\u00fccke Extreme Bruchsicherheit, beste Isolationseigenschaften Praktische, herausnehmbare Zubeh\u00f6rtasche Schutzdecke Schwarze Hardware Zahlenschloss 2 abnehmbare Neopren Rucksackriemen f\u00fcr hohen Tragekomfort Neu designter perforierter GEWA Ledergriff (handgen\u00e4ht) [&hellip;]\" \/>\n<meta property=\"og:url\" content=\"https:\/\/www.die-geigenbaumeister.de\/en\/product\/bratschenkoffer-gewa-air-luthier\/\" \/>\n<meta property=\"og:site_name\" content=\"Geigenbau\" \/>\n<meta property=\"article:modified_time\" content=\"2023-04-07T13:28:02+00:00\" \/>\n<meta property=\"og:image\" content=\"https:\/\/www.die-geigenbaumeister.de\/wp-content\/uploads\/2023\/03\/Bratschenkoffer-Gewa-Air-Luthier.png\" \/>\n\t<meta property=\"og:image:width\" content=\"1000\" \/>\n\t<meta property=\"og:image:height\" content=\"604\" \/>\n\t<meta property=\"og:image:type\" content=\"image\/png\" \/>\n<meta name=\"twitter:card\" content=\"summary_large_image\" \/>\n<script type=\"application\/ld+json\" class=\"yoast-schema-graph\">{\"@context\":\"https:\/\/schema.org\",\"@graph\":[{\"@type\":\"WebPage\",\"@id\":\"https:\/\/www.die-geigenbaumeister.de\/en\/product\/bratschenkoffer-gewa-air-luthier\/\",\"url\":\"https:\/\/www.die-geigenbaumeister.de\/en\/product\/bratschenkoffer-gewa-air-luthier\/\",\"name\":\"Bratschenkoffer Gewa Air - Luthier - Geigenbau\",\"isPartOf\":{\"@id\":\"https:\/\/www.die-geigenbaumeister.de\/en\/#website\"},\"primaryImageOfPage\":{\"@id\":\"https:\/\/www.die-geigenbaumeister.de\/en\/product\/bratschenkoffer-gewa-air-luthier\/#primaryimage\"},\"image\":{\"@id\":\"https:\/\/www.die-geigenbaumeister.de\/en\/product\/bratschenkoffer-gewa-air-luthier\/#primaryimage\"},\"thumbnailUrl\":\"https:\/\/www.die-geigenbaumeister.de\/wp-content\/uploads\/2023\/03\/Bratschenkoffer-Gewa-Air-Luthier.png\",\"datePublished\":\"2023-03-13T14:54:26+00:00\",\"dateModified\":\"2023-04-07T13:28:02+00:00\",\"breadcrumb\":{\"@id\":\"https:\/\/www.die-geigenbaumeister.de\/en\/product\/bratschenkoffer-gewa-air-luthier\/#breadcrumb\"},\"inLanguage\":\"en-US\",\"potentialAction\":[{\"@type\":\"ReadAction\",\"target\":[\"https:\/\/www.die-geigenbaumeister.de\/en\/product\/bratschenkoffer-gewa-air-luthier\/\"]}]},{\"@type\":\"ImageObject\",\"inLanguage\":\"en-US\",\"@id\":\"https:\/\/www.die-geigenbaumeister.de\/en\/product\/bratschenkoffer-gewa-air-luthier\/#primaryimage\",\"url\":\"https:\/\/www.die-geigenbaumeister.de\/wp-content\/uploads\/2023\/03\/Bratschenkoffer-Gewa-Air-Luthier.png\",\"contentUrl\":\"https:\/\/www.die-geigenbaumeister.de\/wp-content\/uploads\/2023\/03\/Bratschenkoffer-Gewa-Air-Luthier.png\",\"width\":1000,\"height\":604},{\"@type\":\"BreadcrumbList\",\"@id\":\"https:\/\/www.die-geigenbaumeister.de\/en\/product\/bratschenkoffer-gewa-air-luthier\/#breadcrumb\",\"itemListElement\":[{\"@type\":\"ListItem\",\"position\":1,\"name\":\"Home\",\"item\":\"https:\/\/www.die-geigenbaumeister.de\/en\/\"},{\"@type\":\"ListItem\",\"position\":2,\"name\":\"Online Shop\",\"item\":\"https:\/\/www.die-geigenbaumeister.de\/en\/shop-2\/\"},{\"@type\":\"ListItem\",\"position\":3,\"name\":\"Bratschenkoffer Gewa Air &#8211; Luthier\"}]},{\"@type\":\"WebSite\",\"@id\":\"https:\/\/www.die-geigenbaumeister.de\/en\/#website\",\"url\":\"https:\/\/www.die-geigenbaumeister.de\/en\/\",\"name\":\"Geigenbau\",\"description\":\"Meisterwerkstatt f\u00fcr Geigenbau in Aachen\",\"potentialAction\":[{\"@type\":\"SearchAction\",\"target\":{\"@type\":\"EntryPoint\",\"urlTemplate\":\"https:\/\/www.die-geigenbaumeister.de\/en\/?s={search_term_string}\"},\"query-input\":{\"@type\":\"PropertyValueSpecification\",\"valueRequired\":true,\"valueName\":\"search_term_string\"}}],\"inLanguage\":\"en-US\"}]}<\/script>\n<!-- \/ Yoast SEO plugin. -->","yoast_head_json":{"title":"Bratschenkoffer Gewa Air - Luthier - Geigenbau","robots":{"index":"index","follow":"follow","max-snippet":"max-snippet:-1","max-image-preview":"max-image-preview:large","max-video-preview":"max-video-preview:-1"},"canonical":"https:\/\/www.die-geigenbaumeister.de\/en\/product\/bratschenkoffer-gewa-air-luthier\/","og_locale":"en_US","og_type":"article","og_title":"Bratschenkoffer Gewa Air - Luthier - Geigenbau","og_description":"Rutschfeste Au\u00dfenschale mit Soft Touch Feeling Hochwertiger ultra-leichter Designstoff, OEKO TEX-zertifiziert Verstellbare patentierte mechanische Halsauflage Gepolsterte, passgenaue Schwebelagerung Passend f\u00fcr Violas von 13\u2033 bis 17\u2033 !!! GEWA Drehbogenhalter pat., flexible Bogenbr\u00fccke Extreme Bruchsicherheit, beste Isolationseigenschaften Praktische, herausnehmbare Zubeh\u00f6rtasche Schutzdecke Schwarze Hardware Zahlenschloss 2 abnehmbare Neopren Rucksackriemen f\u00fcr hohen Tragekomfort Neu designter perforierter GEWA Ledergriff (handgen\u00e4ht) [&hellip;]","og_url":"https:\/\/www.die-geigenbaumeister.de\/en\/product\/bratschenkoffer-gewa-air-luthier\/","og_site_name":"Geigenbau","article_modified_time":"2023-04-07T13:28:02+00:00","og_image":[{"width":1000,"height":604,"url":"https:\/\/www.die-geigenbaumeister.de\/wp-content\/uploads\/2023\/03\/Bratschenkoffer-Gewa-Air-Luthier.png","type":"image\/png"}],"twitter_card":"summary_large_image","schema":{"@context":"https:\/\/schema.org","@graph":[{"@type":"WebPage","@id":"https:\/\/www.die-geigenbaumeister.de\/en\/product\/bratschenkoffer-gewa-air-luthier\/","url":"https:\/\/www.die-geigenbaumeister.de\/en\/product\/bratschenkoffer-gewa-air-luthier\/","name":"Bratschenkoffer Gewa Air - Luthier - Geigenbau","isPartOf":{"@id":"https:\/\/www.die-geigenbaumeister.de\/en\/#website"},"primaryImageOfPage":{"@id":"https:\/\/www.die-geigenbaumeister.de\/en\/product\/bratschenkoffer-gewa-air-luthier\/#primaryimage"},"image":{"@id":"https:\/\/www.die-geigenbaumeister.de\/en\/product\/bratschenkoffer-gewa-air-luthier\/#primaryimage"},"thumbnailUrl":"https:\/\/www.die-geigenbaumeister.de\/wp-content\/uploads\/2023\/03\/Bratschenkoffer-Gewa-Air-Luthier.png","datePublished":"2023-03-13T14:54:26+00:00","dateModified":"2023-04-07T13:28:02+00:00","breadcrumb":{"@id":"https:\/\/www.die-geigenbaumeister.de\/en\/product\/bratschenkoffer-gewa-air-luthier\/#breadcrumb"},"inLanguage":"en-US","potentialAction":[{"@type":"ReadAction","target":["https:\/\/www.die-geigenbaumeister.de\/en\/product\/bratschenkoffer-gewa-air-luthier\/"]}]},{"@type":"ImageObject","inLanguage":"en-US","@id":"https:\/\/www.die-geigenbaumeister.de\/en\/product\/bratschenkoffer-gewa-air-luthier\/#primaryimage","url":"https:\/\/www.die-geigenbaumeister.de\/wp-content\/uploads\/2023\/03\/Bratschenkoffer-Gewa-Air-Luthier.png","contentUrl":"https:\/\/www.die-geigenbaumeister.de\/wp-content\/uploads\/2023\/03\/Bratschenkoffer-Gewa-Air-Luthier.png","width":1000,"height":604},{"@type":"BreadcrumbList","@id":"https:\/\/www.die-geigenbaumeister.de\/en\/product\/bratschenkoffer-gewa-air-luthier\/#breadcrumb","itemListElement":[{"@type":"ListItem","position":1,"name":"Home","item":"https:\/\/www.die-geigenbaumeister.de\/en\/"},{"@type":"ListItem","position":2,"name":"Online Shop","item":"https:\/\/www.die-geigenbaumeister.de\/en\/shop-2\/"},{"@type":"ListItem","position":3,"name":"Bratschenkoffer Gewa Air &#8211; Luthier"}]},{"@type":"WebSite","@id":"https:\/\/www.die-geigenbaumeister.de\/en\/#website","url":"https:\/\/www.die-geigenbaumeister.de\/en\/","name":"Geigenbau","description":"Meisterwerkstatt f\u00fcr Geigenbau in Aachen","potentialAction":[{"@type":"SearchAction","target":{"@type":"EntryPoint","urlTemplate":"https:\/\/www.die-geigenbaumeister.de\/en\/?s={search_term_string}"},"query-input":{"@type":"PropertyValueSpecification","valueRequired":true,"valueName":"search_term_string"}}],"inLanguage":"en-US"}]}},"_links":{"self":[{"href":"https:\/\/www.die-geigenbaumeister.de\/en\/wp-json\/wp\/v2\/product\/7843","targetHints":{"allow":["GET"]}}],"collection":[{"href":"https:\/\/www.die-geigenbaumeister.de\/en\/wp-json\/wp\/v2\/product"}],"about":[{"href":"https:\/\/www.die-geigenbaumeister.de\/en\/wp-json\/wp\/v2\/types\/product"}],"wp:featuredmedia":[{"embeddable":true,"href":"https:\/\/www.die-geigenbaumeister.de\/en\/wp-json\/wp\/v2\/media\/7744"}],"wp:attachment":[{"href":"https:\/\/www.die-geigenbaumeister.de\/en\/wp-json\/wp\/v2\/media?parent=7843"}],"wp:term":[{"taxonomy":"product_cat","embeddable":true,"href":"https:\/\/www.die-geigenbaumeister.de\/en\/wp-json\/wp\/v2\/product_cat?post=7843"},{"taxonomy":"product_tag","embeddable":true,"href":"https:\/\/www.die-geigenbaumeister.de\/en\/wp-json\/wp\/v2\/product_tag?post=7843"}],"curies":[{"name":"wp","href":"https:\/\/api.w.org\/{rel}","templated":true}]}}