{"id":7845,"date":"2023-03-13T15:24:01","date_gmt":"2023-03-13T14:24:01","guid":{"rendered":"https:\/\/www.die-geigenbaumeister.de\/product\/cellokasten-gewa-air-luthier\/"},"modified":"2023-04-07T15:28:02","modified_gmt":"2023-04-07T13:28:02","slug":"cellokasten-gewa-air-luthier","status":"publish","type":"product","link":"https:\/\/www.die-geigenbaumeister.de\/en\/product\/cellokasten-gewa-air-luthier\/","title":{"rendered":"Cellokasten Gewa Air &#8211; Luthier"},"content":{"rendered":"<ul class=\"list-group list-group-flush\">\n<li class=\"list-group-item\">Rutschfeste Au\u00dfenschale mit Soft Touch Feeling<\/li>\n<li class=\"list-group-item\">Hochwertiger ultra-leichter Designstoff, OEKO TEX-zertifiziert<\/li>\n<li class=\"list-group-item\">Gepolsterte, passgenaue Schwebelagerung<\/li>\n<li class=\"list-group-item\">Passend f\u00fcr 4\/4 und 3\/4 Gr\u00f6\u00dfe !!!<\/li>\n<li class=\"list-group-item\">GEWA Drehbogenhalter pat., flexible Bogenbr\u00fccke<\/li>\n<li class=\"list-group-item\">Extreme Bruchsicherheit, beste Isolationseigenschaften<\/li>\n<li class=\"list-group-item\">Stegschutz durch Aluschiene<\/li>\n<li class=\"list-group-item\">Schneckenhalterung<\/li>\n<li class=\"list-group-item\">Neu entwickelte Stabilit\u00e4tsf\u00fc\u00dfe<\/li>\n<li class=\"list-group-item\">Schwarze Hardware<\/li>\n<li class=\"list-group-item\">Zahlenschloss und 3 GEWA Spezial-Verschl\u00fcsse<\/li>\n<li class=\"list-group-item\">Seidenh\u00fclle mit Doppelfunktion als Schutz f\u00fcr das Etui oder das Instrument, inkl. Halterung im Etui<\/li>\n<li class=\"list-group-item\">2 abnehmbare Neopren Rucksackriemen mit Security Strap<\/li>\n<li class=\"list-group-item\">Inkl. Tragesystem Air (342.524)<\/li>\n<li class=\"list-group-item\">Neu designte perforierte GEWA Ledergriffe (handgen\u00e4ht)<\/li>\n<li class=\"list-group-item\">Gewicht 4.1 kg ohne Zubeh\u00f6r<\/li>\n<li class=\"list-group-item\">Made in Germany<\/li>\n<\/ul>\n","protected":false},"excerpt":{"rendered":"<p>In Zusammenarbeit mit Geigenbauern hat die Firma GEWA die Kofferserie &#8220;Luthier&#8221; auf den Markt gebracht.<\/p>\n<ul>\n<li>Farbe: Grau<\/li>\n<li>Gr\u00f6\u00dfe: Passend f\u00fcr 4\/4 und 3\/4 Cello<\/li>\n<li>Gewicht: 4,1kg (ohne Zubeh\u00f6r)<\/li>\n<li>Inklusive Tragesystem von Air<\/li>\n<li>Hergestellt in Deutschland<\/li>\n<\/ul>\n","protected":false},"featured_media":7739,"template":"","meta":[],"product_cat":[137,125],"product_tag":[],"class_list":["post-7845","product","type-product","status-publish","has-post-thumbnail","hentry","product_cat-accessories","product_cat-instruments"],"acf":[],"yoast_head":"<!-- This site is optimized with the Yoast SEO plugin v25.8 - https:\/\/yoast.com\/wordpress\/plugins\/seo\/ -->\n<title>Cellokasten Gewa Air - Luthier - Geigenbau<\/title>\n<meta name=\"robots\" content=\"index, follow, max-snippet:-1, max-image-preview:large, max-video-preview:-1\" \/>\n<link rel=\"canonical\" href=\"https:\/\/www.die-geigenbaumeister.de\/en\/product\/cellokasten-gewa-air-luthier\/\" \/>\n<meta property=\"og:locale\" content=\"en_US\" \/>\n<meta property=\"og:type\" content=\"article\" \/>\n<meta property=\"og:title\" content=\"Cellokasten Gewa Air - Luthier - Geigenbau\" \/>\n<meta property=\"og:description\" content=\"In Zusammenarbeit mit Geigenbauern hat die Firma GEWA die Kofferserie &quot;Luthier&quot; auf den Markt gebracht.   Farbe: Grau  Gr\u00f6\u00dfe: Passend f\u00fcr 4\/4 und 3\/4 Cello  Gewicht: 4,1kg (ohne Zubeh\u00f6r)  Inklusive Tragesystem von Air  Hergestellt in Deutschland\" \/>\n<meta property=\"og:url\" content=\"https:\/\/www.die-geigenbaumeister.de\/en\/product\/cellokasten-gewa-air-luthier\/\" \/>\n<meta property=\"og:site_name\" content=\"Geigenbau\" \/>\n<meta property=\"article:modified_time\" content=\"2023-04-07T13:28:02+00:00\" \/>\n<meta property=\"og:image\" content=\"https:\/\/www.die-geigenbaumeister.de\/wp-content\/uploads\/2023\/03\/Gewa-Air-Luthier-Cellokasten-schrag-vorne-klein.jpg\" \/>\n\t<meta property=\"og:image:width\" content=\"1000\" \/>\n\t<meta property=\"og:image:height\" content=\"1500\" \/>\n\t<meta property=\"og:image:type\" content=\"image\/jpeg\" \/>\n<meta name=\"twitter:card\" content=\"summary_large_image\" \/>\n<script type=\"application\/ld+json\" class=\"yoast-schema-graph\">{\"@context\":\"https:\/\/schema.org\",\"@graph\":[{\"@type\":\"WebPage\",\"@id\":\"https:\/\/www.die-geigenbaumeister.de\/en\/product\/cellokasten-gewa-air-luthier\/\",\"url\":\"https:\/\/www.die-geigenbaumeister.de\/en\/product\/cellokasten-gewa-air-luthier\/\",\"name\":\"Cellokasten Gewa Air - Luthier - Geigenbau\",\"isPartOf\":{\"@id\":\"https:\/\/www.die-geigenbaumeister.de\/en\/#website\"},\"primaryImageOfPage\":{\"@id\":\"https:\/\/www.die-geigenbaumeister.de\/en\/product\/cellokasten-gewa-air-luthier\/#primaryimage\"},\"image\":{\"@id\":\"https:\/\/www.die-geigenbaumeister.de\/en\/product\/cellokasten-gewa-air-luthier\/#primaryimage\"},\"thumbnailUrl\":\"https:\/\/www.die-geigenbaumeister.de\/wp-content\/uploads\/2023\/03\/Gewa-Air-Luthier-Cellokasten-schrag-vorne-klein.jpg\",\"datePublished\":\"2023-03-13T14:24:01+00:00\",\"dateModified\":\"2023-04-07T13:28:02+00:00\",\"breadcrumb\":{\"@id\":\"https:\/\/www.die-geigenbaumeister.de\/en\/product\/cellokasten-gewa-air-luthier\/#breadcrumb\"},\"inLanguage\":\"en-US\",\"potentialAction\":[{\"@type\":\"ReadAction\",\"target\":[\"https:\/\/www.die-geigenbaumeister.de\/en\/product\/cellokasten-gewa-air-luthier\/\"]}]},{\"@type\":\"ImageObject\",\"inLanguage\":\"en-US\",\"@id\":\"https:\/\/www.die-geigenbaumeister.de\/en\/product\/cellokasten-gewa-air-luthier\/#primaryimage\",\"url\":\"https:\/\/www.die-geigenbaumeister.de\/wp-content\/uploads\/2023\/03\/Gewa-Air-Luthier-Cellokasten-schrag-vorne-klein.jpg\",\"contentUrl\":\"https:\/\/www.die-geigenbaumeister.de\/wp-content\/uploads\/2023\/03\/Gewa-Air-Luthier-Cellokasten-schrag-vorne-klein.jpg\",\"width\":1000,\"height\":1500},{\"@type\":\"BreadcrumbList\",\"@id\":\"https:\/\/www.die-geigenbaumeister.de\/en\/product\/cellokasten-gewa-air-luthier\/#breadcrumb\",\"itemListElement\":[{\"@type\":\"ListItem\",\"position\":1,\"name\":\"Home\",\"item\":\"https:\/\/www.die-geigenbaumeister.de\/en\/\"},{\"@type\":\"ListItem\",\"position\":2,\"name\":\"Online Shop\",\"item\":\"https:\/\/www.die-geigenbaumeister.de\/en\/shop-2\/\"},{\"@type\":\"ListItem\",\"position\":3,\"name\":\"Cellokasten Gewa Air &#8211; Luthier\"}]},{\"@type\":\"WebSite\",\"@id\":\"https:\/\/www.die-geigenbaumeister.de\/en\/#website\",\"url\":\"https:\/\/www.die-geigenbaumeister.de\/en\/\",\"name\":\"Geigenbau\",\"description\":\"Meisterwerkstatt f\u00fcr Geigenbau in Aachen\",\"potentialAction\":[{\"@type\":\"SearchAction\",\"target\":{\"@type\":\"EntryPoint\",\"urlTemplate\":\"https:\/\/www.die-geigenbaumeister.de\/en\/?s={search_term_string}\"},\"query-input\":{\"@type\":\"PropertyValueSpecification\",\"valueRequired\":true,\"valueName\":\"search_term_string\"}}],\"inLanguage\":\"en-US\"}]}<\/script>\n<!-- \/ Yoast SEO plugin. -->","yoast_head_json":{"title":"Cellokasten Gewa Air - Luthier - Geigenbau","robots":{"index":"index","follow":"follow","max-snippet":"max-snippet:-1","max-image-preview":"max-image-preview:large","max-video-preview":"max-video-preview:-1"},"canonical":"https:\/\/www.die-geigenbaumeister.de\/en\/product\/cellokasten-gewa-air-luthier\/","og_locale":"en_US","og_type":"article","og_title":"Cellokasten Gewa Air - Luthier - Geigenbau","og_description":"In Zusammenarbeit mit Geigenbauern hat die Firma GEWA die Kofferserie \"Luthier\" auf den Markt gebracht.   Farbe: Grau  Gr\u00f6\u00dfe: Passend f\u00fcr 4\/4 und 3\/4 Cello  Gewicht: 4,1kg (ohne Zubeh\u00f6r)  Inklusive Tragesystem von Air  Hergestellt in Deutschland","og_url":"https:\/\/www.die-geigenbaumeister.de\/en\/product\/cellokasten-gewa-air-luthier\/","og_site_name":"Geigenbau","article_modified_time":"2023-04-07T13:28:02+00:00","og_image":[{"width":1000,"height":1500,"url":"https:\/\/www.die-geigenbaumeister.de\/wp-content\/uploads\/2023\/03\/Gewa-Air-Luthier-Cellokasten-schrag-vorne-klein.jpg","type":"image\/jpeg"}],"twitter_card":"summary_large_image","schema":{"@context":"https:\/\/schema.org","@graph":[{"@type":"WebPage","@id":"https:\/\/www.die-geigenbaumeister.de\/en\/product\/cellokasten-gewa-air-luthier\/","url":"https:\/\/www.die-geigenbaumeister.de\/en\/product\/cellokasten-gewa-air-luthier\/","name":"Cellokasten Gewa Air - Luthier - Geigenbau","isPartOf":{"@id":"https:\/\/www.die-geigenbaumeister.de\/en\/#website"},"primaryImageOfPage":{"@id":"https:\/\/www.die-geigenbaumeister.de\/en\/product\/cellokasten-gewa-air-luthier\/#primaryimage"},"image":{"@id":"https:\/\/www.die-geigenbaumeister.de\/en\/product\/cellokasten-gewa-air-luthier\/#primaryimage"},"thumbnailUrl":"https:\/\/www.die-geigenbaumeister.de\/wp-content\/uploads\/2023\/03\/Gewa-Air-Luthier-Cellokasten-schrag-vorne-klein.jpg","datePublished":"2023-03-13T14:24:01+00:00","dateModified":"2023-04-07T13:28:02+00:00","breadcrumb":{"@id":"https:\/\/www.die-geigenbaumeister.de\/en\/product\/cellokasten-gewa-air-luthier\/#breadcrumb"},"inLanguage":"en-US","potentialAction":[{"@type":"ReadAction","target":["https:\/\/www.die-geigenbaumeister.de\/en\/product\/cellokasten-gewa-air-luthier\/"]}]},{"@type":"ImageObject","inLanguage":"en-US","@id":"https:\/\/www.die-geigenbaumeister.de\/en\/product\/cellokasten-gewa-air-luthier\/#primaryimage","url":"https:\/\/www.die-geigenbaumeister.de\/wp-content\/uploads\/2023\/03\/Gewa-Air-Luthier-Cellokasten-schrag-vorne-klein.jpg","contentUrl":"https:\/\/www.die-geigenbaumeister.de\/wp-content\/uploads\/2023\/03\/Gewa-Air-Luthier-Cellokasten-schrag-vorne-klein.jpg","width":1000,"height":1500},{"@type":"BreadcrumbList","@id":"https:\/\/www.die-geigenbaumeister.de\/en\/product\/cellokasten-gewa-air-luthier\/#breadcrumb","itemListElement":[{"@type":"ListItem","position":1,"name":"Home","item":"https:\/\/www.die-geigenbaumeister.de\/en\/"},{"@type":"ListItem","position":2,"name":"Online Shop","item":"https:\/\/www.die-geigenbaumeister.de\/en\/shop-2\/"},{"@type":"ListItem","position":3,"name":"Cellokasten Gewa Air &#8211; Luthier"}]},{"@type":"WebSite","@id":"https:\/\/www.die-geigenbaumeister.de\/en\/#website","url":"https:\/\/www.die-geigenbaumeister.de\/en\/","name":"Geigenbau","description":"Meisterwerkstatt f\u00fcr Geigenbau in Aachen","potentialAction":[{"@type":"SearchAction","target":{"@type":"EntryPoint","urlTemplate":"https:\/\/www.die-geigenbaumeister.de\/en\/?s={search_term_string}"},"query-input":{"@type":"PropertyValueSpecification","valueRequired":true,"valueName":"search_term_string"}}],"inLanguage":"en-US"}]}},"_links":{"self":[{"href":"https:\/\/www.die-geigenbaumeister.de\/en\/wp-json\/wp\/v2\/product\/7845","targetHints":{"allow":["GET"]}}],"collection":[{"href":"https:\/\/www.die-geigenbaumeister.de\/en\/wp-json\/wp\/v2\/product"}],"about":[{"href":"https:\/\/www.die-geigenbaumeister.de\/en\/wp-json\/wp\/v2\/types\/product"}],"wp:featuredmedia":[{"embeddable":true,"href":"https:\/\/www.die-geigenbaumeister.de\/en\/wp-json\/wp\/v2\/media\/7739"}],"wp:attachment":[{"href":"https:\/\/www.die-geigenbaumeister.de\/en\/wp-json\/wp\/v2\/media?parent=7845"}],"wp:term":[{"taxonomy":"product_cat","embeddable":true,"href":"https:\/\/www.die-geigenbaumeister.de\/en\/wp-json\/wp\/v2\/product_cat?post=7845"},{"taxonomy":"product_tag","embeddable":true,"href":"https:\/\/www.die-geigenbaumeister.de\/en\/wp-json\/wp\/v2\/product_tag?post=7845"}],"curies":[{"name":"wp","href":"https:\/\/api.w.org\/{rel}","templated":true}]}}